{"id":544,"date":"2020-10-27T15:31:10","date_gmt":"2020-10-27T15:31:10","guid":{"rendered":"http:\/\/acaofort.com.br\/novosite\/?page_id=544"},"modified":"2020-11-09T20:58:46","modified_gmt":"2020-11-09T20:58:46","slug":"servicos-2-6-2","status":"publish","type":"page","link":"https:\/\/acaofort.com.br\/novosite\/?page_id=544","title":{"rendered":"Vigia"},"content":{"rendered":"\t\t<div data-elementor-type=\"wp-page\" data-elementor-id=\"544\" class=\"elementor elementor-544\" data-elementor-settings=\"[]\">\n\t\t\t\t\t\t<div class=\"elementor-inner\">\n\t\t\t\t\t\t\t<div class=\"elementor-section-wrap\">\n\t\t\t\t\t\t\t<section class=\"has_ma_el_slider elementor-section elementor-top-section elementor-element elementor-element-f1a8047 elementor-hidden-tablet elementor-hidden-phone elementor-section-boxed elementor-section-height-default elementor-section-height-default\" data-id=\"f1a8047\" data-element_type=\"section\" data-settings=\"{&quot;background_background&quot;:&quot;classic&quot;}\">\n\t\t\t\t\t\t<div class=\"elementor-container elementor-column-gap-default\">\n\t\t\t\t\t\t\t<div class=\"elementor-row\">\n\t\t\t\t\t<div class=\"has_ma_el_slider elementor-column elementor-col-33 elementor-top-column elementor-element elementor-element-dacef3d\" data-id=\"dacef3d\" data-element_type=\"column\">\n\t\t\t<div class=\"elementor-column-wrap elementor-element-populated\">\n\t\t\t\t\t\t\t<div class=\"elementor-widget-wrap\">\n\t\t\t\t\t\t<div class=\"elementor-element elementor-element-a3fc6df elementor-widget elementor-widget-image\" data-id=\"a3fc6df\" data-element_type=\"widget\" data-widget_type=\"image.default\">\n\t\t\t\t<div class=\"elementor-widget-container\">\n\t\t\t\t\t<div class=\"elementor-image\">\n\t\t\t\t\t\t\t\t\t\t<img src=\"https:\/\/acaofort.com.br\/novosite\/wp-content\/uploads\/2020\/11\/logo_acaofort_servicos-102x150-1.png\" title=\"logo_acaofort_servicos-102&#215;150\" alt=\"logo_acaofort_servicos-102x150\" \/>\t\t\t\t\t\t\t\t\t\t\t<\/div>\n\t\t\t\t<\/div>\n\t\t\t\t<\/div>\n\t\t\t\t\t\t<\/div>\n\t\t\t\t\t<\/div>\n\t\t<\/div>\n\t\t\t\t<div class=\"has_ma_el_slider elementor-column elementor-col-66 elementor-top-column elementor-element elementor-element-a2384a0\" data-id=\"a2384a0\" data-element_type=\"column\">\n\t\t\t<div class=\"elementor-column-wrap elementor-element-populated\">\n\t\t\t\t\t\t\t<div class=\"elementor-widget-wrap\">\n\t\t\t\t\t\t<div class=\"elementor-element elementor-element-0911217 elementor-widget elementor-widget-ma-navmenu\" data-id=\"0911217\" data-element_type=\"widget\" data-widget_type=\"ma-navmenu.default\">\n\t\t\t\t<div class=\"elementor-widget-container\">\n\t\t\t<div class=\"jltma-menu-container\"><nav\n                    id=\"jltma-nav-menu-element-0911217\"\n                    class=\"jltma-elementor-header jltma-nav-menu-element navbar navbar-expand-md navbar-soft not-sticky mobile hover horizontal \"\n                    data-menu-id=\"jltma-nav-menu-element-0911217\"\n                    data-sticky-type=\"not-sticky\"\n                    data-menu-layout=\"default\"\n                    data-menu-trigger=\"hover\"\n                    data-menu-offcanvas=\"toggle-bar\"\n                    data-menu-toggletype=\"toggle\"\n                    data-menu-animation=\"default\"\n                    data-menu-container-id=\"\"><div class=\"jltma-nav-panel mobile\">\n                                <a class=\"jltma-nav-logo navbar-brand jltma-col-xs-3 jltma-col-sm-3\" href=\"https:\/\/acaofort.com.br\/novosite\">\n                                    <img src=\"\" alt=\"\" >\n                                <\/a>\n                                <button\n                                    class=\"navbar-toggler ml-md-0 mr-auto py-3\"\n                                    type=\"button\"\n                                    data-toggle=\"collapse\"\n                                    data-trigger=\"#jltma-nav-menu-elementor-0911217\"\n                                    data-target=\"#jltma-nav-menu-elementor-0911217\"\n                                    aria-expanded=\"false\"\n                                    aria-label=\"Toggle Navigation\">\n                                    <div class=\"jltma-burger jltma-lite-small\"><span class=\"mid-line\"><\/span><\/div>\n                                <\/button>\n                                <button class=\"jltma-close \"> X <\/button>\n                            <\/div><div id=\"jltma-nav-menu-elementor-0911217\" class=\"jltma-menu-offcanvas-elements jltma-navbar-nav-default mobile-offcanvas collapse navbar-collapse jltma-svg-arrow jltma-small-down jltma-one-page-disabled toggle-bar \"><ul id=\"jltma-main-menu\" class=\"navbar-nav jltma-navbar-nav jltma-menu-position-flex-end toggle\"><li id=\"menu-item-686\" class=\"menu-item menu-item-type-custom menu-item-object-custom menu-item-686 nav-item jltma-megamenu-hover jltma-mobile-builder-content\"><a href=\"\/novosite\/\" class=\"jltma-menu-nav-link nav-link\">Home<\/a><\/li>\n<li id=\"menu-item-688\" class=\"menu-item menu-item-type-custom menu-item-object-custom menu-item-688 nav-item jltma-megamenu-hover jltma-mobile-builder-content\"><a href=\"\/novosite\/#empresa_voltar\" class=\"jltma-menu-nav-link nav-link\">Empresa<\/a><\/li>\n<li id=\"menu-item-1001\" class=\"menu-item menu-item-type-custom menu-item-object-custom menu-item-1001 nav-item jltma-megamenu-hover jltma-mobile-builder-content\"><a href=\"\/novosite\/#servicos_voltar\" class=\"jltma-menu-nav-link nav-link\">Servi\u00e7os<\/a><\/li>\n<li id=\"menu-item-689\" class=\"menu-item menu-item-type-custom menu-item-object-custom menu-item-689 nav-item jltma-megamenu-hover jltma-mobile-builder-content\"><a href=\"\/novosite\/?page_id=37\" class=\"jltma-menu-nav-link nav-link\">Contato<\/a><\/li>\n<\/ul><\/div><\/nav><style>@media only screen and (min-width: 768px) { .elementor-element-0911217 .jltma-burger-box { display: none } }<\/style><\/div>\t\t<\/div>\n\t\t\t\t<\/div>\n\t\t\t\t\t\t<\/div>\n\t\t\t\t\t<\/div>\n\t\t<\/div>\n\t\t\t\t\t\t\t\t<\/div>\n\t\t\t\t\t<\/div>\n\t\t<\/section>\n\t\t\t\t<section class=\"has_ma_el_slider elementor-section elementor-top-section elementor-element elementor-element-39cb9c8 elementor-hidden-desktop elementor-section-boxed elementor-section-height-default elementor-section-height-default\" data-id=\"39cb9c8\" data-element_type=\"section\">\n\t\t\t\t\t\t<div class=\"elementor-container elementor-column-gap-default\">\n\t\t\t\t\t\t\t<div class=\"elementor-row\">\n\t\t\t\t\t<div class=\"has_ma_el_slider elementor-column elementor-col-100 elementor-top-column elementor-element elementor-element-30a3303\" data-id=\"30a3303\" data-element_type=\"column\">\n\t\t\t<div class=\"elementor-column-wrap elementor-element-populated\">\n\t\t\t\t\t\t\t<div class=\"elementor-widget-wrap\">\n\t\t\t\t\t\t<div class=\"elementor-element elementor-element-516cf44 elementor-widget elementor-widget-text-editor\" data-id=\"516cf44\" data-element_type=\"widget\" data-widget_type=\"text-editor.default\">\n\t\t\t\t<div class=\"elementor-widget-container\">\n\t\t\t\t\t<div class=\"elementor-text-editor elementor-clearfix\"><div align=\"center\">|\n<a href=\"\/novosite\/\">Home<\/a> |\n<a href=\"\/novosite\/#empresa_voltar\">Empresa<\/a> |\n<a href=\"\/novosite\/#servicos_voltar\">Servi\u00e7os<\/a> |\n<a href=\"\/novosite\/?page_id=37\">Contato<\/a> |<\/div><\/div>\n\t\t\t\t<\/div>\n\t\t\t\t<\/div>\n\t\t\t\t\t\t<\/div>\n\t\t\t\t\t<\/div>\n\t\t<\/div>\n\t\t\t\t\t\t\t\t<\/div>\n\t\t\t\t\t<\/div>\n\t\t<\/section>\n\t\t\t\t<section class=\"has_ma_el_slider elementor-section elementor-top-section elementor-element elementor-element-cfc42db elementor-section-full_width elementor-section-height-min-height elementor-section-height-default elementor-section-items-middle\" data-id=\"cfc42db\" data-element_type=\"section\" data-settings=\"{&quot;background_background&quot;:&quot;classic&quot;}\">\n\t\t\t\t\t\t<div class=\"elementor-container elementor-column-gap-default\">\n\t\t\t\t\t\t\t<div class=\"elementor-row\">\n\t\t\t\t\t<div class=\"has_ma_el_slider elementor-column elementor-col-100 elementor-top-column elementor-element elementor-element-09dbb02\" data-id=\"09dbb02\" data-element_type=\"column\">\n\t\t\t<div class=\"elementor-column-wrap\">\n\t\t\t\t\t\t\t<div class=\"elementor-widget-wrap\">\n\t\t\t\t\t\t\t\t<\/div>\n\t\t\t\t\t<\/div>\n\t\t<\/div>\n\t\t\t\t\t\t\t\t<\/div>\n\t\t\t\t\t<\/div>\n\t\t<\/section>\n\t\t\t\t<section class=\"has_ma_el_slider elementor-section elementor-top-section elementor-element elementor-element-c3149e6 elementor-hidden-tablet elementor-hidden-phone elementor-section-boxed elementor-section-height-default elementor-section-height-default\" data-id=\"c3149e6\" data-element_type=\"section\" data-settings=\"{&quot;background_background&quot;:&quot;gradient&quot;}\">\n\t\t\t\t\t\t<div class=\"elementor-container elementor-column-gap-default\">\n\t\t\t\t\t\t\t<div class=\"elementor-row\">\n\t\t\t\t\t<div class=\"has_ma_el_slider elementor-column elementor-col-100 elementor-top-column elementor-element elementor-element-a9a03d4\" data-id=\"a9a03d4\" data-element_type=\"column\">\n\t\t\t<div class=\"elementor-column-wrap elementor-element-populated\">\n\t\t\t\t\t\t\t<div class=\"elementor-widget-wrap\">\n\t\t\t\t\t\t<div class=\"elementor-element elementor-element-ab6d5ef elementor-widget elementor-widget-text-editor\" data-id=\"ab6d5ef\" data-element_type=\"widget\" data-widget_type=\"text-editor.default\">\n\t\t\t\t<div class=\"elementor-widget-container\">\n\t\t\t\t\t<div class=\"elementor-text-editor elementor-clearfix\"><\/div>\n\t\t\t\t<\/div>\n\t\t\t\t<\/div>\n\t\t\t\t\t\t<\/div>\n\t\t\t\t\t<\/div>\n\t\t<\/div>\n\t\t\t\t\t\t\t\t<\/div>\n\t\t\t\t\t<\/div>\n\t\t<\/section>\n\t\t\t\t<section class=\"has_ma_el_slider elementor-section elementor-top-section elementor-element elementor-element-838c861 elementor-section-boxed elementor-section-height-default elementor-section-height-default\" data-id=\"838c861\" data-element_type=\"section\">\n\t\t\t\t\t\t<div class=\"elementor-container elementor-column-gap-default\">\n\t\t\t\t\t\t\t<div class=\"elementor-row\">\n\t\t\t\t\t<div class=\"has_ma_el_slider elementor-column elementor-col-100 elementor-top-column elementor-element elementor-element-9da7b6b\" data-id=\"9da7b6b\" data-element_type=\"column\">\n\t\t\t<div class=\"elementor-column-wrap elementor-element-populated\">\n\t\t\t\t\t\t\t<div class=\"elementor-widget-wrap\">\n\t\t\t\t\t\t<div class=\"elementor-element elementor-element-737bc56 elementor-widget elementor-widget-heading\" data-id=\"737bc56\" data-element_type=\"widget\" data-widget_type=\"heading.default\">\n\t\t\t\t<div class=\"elementor-widget-container\">\n\t\t\t<h2 class=\"elementor-heading-title elementor-size-default\">Vigia Patrimonial<\/h2>\t\t<\/div>\n\t\t\t\t<\/div>\n\t\t\t\t<div class=\"elementor-element elementor-element-0085160 elementor-widget elementor-widget-text-editor\" data-id=\"0085160\" data-element_type=\"widget\" data-widget_type=\"text-editor.default\">\n\t\t\t\t<div class=\"elementor-widget-container\">\n\t\t\t\t\t<div class=\"elementor-text-editor elementor-clearfix\"><p><img style=\"margin-right: 10px;\" src=\"http:\/\/acaofort.com.br\/novosite\/wp-content\/uploads\/2020\/09\/vigia.jpg\" width=\"400\" align=\"left\" \/><\/p><p>O Vigia Patrimonial \u00e9 o profissional qualificado tecnicamente para zelar\u00a0 pela guarda e vigia\u00a0 do patrim\u00f4nio, inspecionando suas depend\u00eancias (motorizado ou n\u00e3o) para prevenir roubos, furtos e intercorr\u00eancias que possam causar\u00a0 inc\u00eandios, acidentes al\u00e9m de evitar a entrada de pessoas estranhas. Esse profissional, tamb\u00e9m, \u00e9 respons\u00e1vel em fazer cumprir as normas de sua empresa ou seu condom\u00ednio residencial ou empresarial.<\/p><p>A A\u00c7\u00c3OFORT elabora plano de seguran\u00e7a\u00a0 junto com\u00a0 seus clientes, de maneira minuciosa e integrada, garantindo grande confiabilidade em suas opera\u00e7\u00f5es. Se utiliza de um sistema interligado de comunica\u00e7\u00e3o permitindo\u00a0 acompanhar seus funcion\u00e1rios durante seu turno de trabalho e possibilitando a r\u00e1pida solu\u00e7\u00e3o de eventuais problemas.<\/p><p>Crit\u00e9rios bem definidos aliados \u00e0 dedica\u00e7\u00e3o dos colaboradores asseguram um atendimento eficiente quando a necessidade \u00e9 seguran\u00e7a. Fazemos seguran\u00e7a valorizando a imagem institucional de nossos clientes.<\/p><p>A A\u00c7\u00c3OFORT tamb\u00e9m disponibiliza a seus clientes a RONDA ELETR\u00d4NICA atrav\u00e9s \u00a0 de um sistema que registra e controla as rondas dos vigias patrimoniais dentro de um complexo industrial, empresarial , condominial, comercial ou residencial.\u00a0 Com esta tecnologia \u00e9 poss\u00edvel identificar o n\u00famero de rondas realizadas e hor\u00e1rios em que elas ocorreram. Os dados coletados s\u00e3o enviados para a central de monitoramento 24 horas, onde os eventos ser\u00e3o tratados. Caso ocorram falhas no acionamento ou inconsist\u00eancias nas rondas, a equipe de supervisores \u00e9 acionada para verifica\u00e7\u00e3o do ocorrido. Todas as intercorr\u00eancias geradas pelo sistema ficam \u00e0 disposi\u00e7\u00e3o do contratante.<\/p><p>Al\u00e9m disso, oferecemos:<\/p><ul><li>Profissionais uniformizados e identificados;<\/li><li>Equipes reservas treinadas para substitui\u00e7\u00f5es;<\/li><li>Bast\u00e3o de ronda;<\/li><li>Supervis\u00e3o 24hs;<\/li><li>Frota de ve\u00edculos equipada com telefone para atendimento de emerg\u00eancia.<\/li><\/ul><\/div>\n\t\t\t\t<\/div>\n\t\t\t\t<\/div>\n\t\t\t\t\t\t<\/div>\n\t\t\t\t\t<\/div>\n\t\t<\/div>\n\t\t\t\t\t\t\t\t<\/div>\n\t\t\t\t\t<\/div>\n\t\t<\/section>\n\t\t\t\t<section class=\"has_ma_el_slider elementor-section elementor-top-section elementor-element elementor-element-6d4b936 elementor-section-boxed elementor-section-height-default elementor-section-height-default\" data-id=\"6d4b936\" data-element_type=\"section\">\n\t\t\t\t\t\t<div class=\"elementor-container elementor-column-gap-default\">\n\t\t\t\t\t\t\t<div class=\"elementor-row\">\n\t\t\t\t\t<div class=\"has_ma_el_slider elementor-column elementor-col-100 elementor-top-column elementor-element elementor-element-fff5214\" data-id=\"fff5214\" data-element_type=\"column\">\n\t\t\t<div class=\"elementor-column-wrap elementor-element-populated\">\n\t\t\t\t\t\t\t<div class=\"elementor-widget-wrap\">\n\t\t\t\t\t\t<div class=\"elementor-element elementor-element-e2f9f79 elementor-widget elementor-widget-text-editor\" data-id=\"e2f9f79\" data-element_type=\"widget\" data-widget_type=\"text-editor.default\">\n\t\t\t\t<div class=\"elementor-widget-container\">\n\t\t\t\t\t<div class=\"elementor-text-editor elementor-clearfix\"><p style=\"text-align: right\"><a href=\"http:\/\/acaofort.com.br\/novosite\/#servicos_voltar\">Voltar<\/a><\/p><\/div>\n\t\t\t\t<\/div>\n\t\t\t\t<\/div>\n\t\t\t\t\t\t<\/div>\n\t\t\t\t\t<\/div>\n\t\t<\/div>\n\t\t\t\t\t\t\t\t<\/div>\n\t\t\t\t\t<\/div>\n\t\t<\/section>\n\t\t\t\t\t\t<\/div>\n\t\t\t\t\t\t<\/div>\n\t\t\t\t\t<\/div>\n\t\t","protected":false},"excerpt":{"rendered":"<p>X Home Empresa Servi\u00e7os Contato | Home | Empresa | Servi\u00e7os | Contato | Vigia Patrimonial O Vigia Patrimonial \u00e9 o profissional qualificado tecnicamente para zelar\u00a0 pela guarda e vigia\u00a0 &#8230;<\/p>\n","protected":false},"author":1,"featured_media":0,"parent":0,"menu_order":0,"comment_status":"closed","ping_status":"closed","template":"elementor_header_footer","meta":[],"_links":{"self":[{"href":"https:\/\/acaofort.com.br\/novosite\/index.php?rest_route=\/wp\/v2\/pages\/544"}],"collection":[{"href":"https:\/\/acaofort.com.br\/novosite\/index.php?rest_route=\/wp\/v2\/pages"}],"about":[{"href":"https:\/\/acaofort.com.br\/novosite\/index.php?rest_route=\/wp\/v2\/types\/page"}],"author":[{"embeddable":true,"href":"https:\/\/acaofort.com.br\/novosite\/index.php?rest_route=\/wp\/v2\/users\/1"}],"replies":[{"embeddable":true,"href":"https:\/\/acaofort.com.br\/novosite\/index.php?rest_route=%2Fwp%2Fv2%2Fcomments&post=544"}],"version-history":[{"count":33,"href":"https:\/\/acaofort.com.br\/novosite\/index.php?rest_route=\/wp\/v2\/pages\/544\/revisions"}],"predecessor-version":[{"id":1276,"href":"https:\/\/acaofort.com.br\/novosite\/index.php?rest_route=\/wp\/v2\/pages\/544\/revisions\/1276"}],"wp:attachment":[{"href":"https:\/\/acaofort.com.br\/novosite\/index.php?rest_route=%2Fwp%2Fv2%2Fmedia&parent=544"}],"curies":[{"name":"wp","href":"https:\/\/api.w.org\/{rel}","templated":true}]}}