{"id":490,"date":"2020-10-25T14:36:14","date_gmt":"2020-10-25T14:36:14","guid":{"rendered":"http:\/\/acaofort.com.br\/novosite\/?page_id=490"},"modified":"2020-11-09T20:58:34","modified_gmt":"2020-11-09T20:58:34","slug":"servicos-2-3","status":"publish","type":"page","link":"https:\/\/acaofort.com.br\/novosite\/?page_id=490","title":{"rendered":"Limpeza e Conserva\u00e7\u00e3o"},"content":{"rendered":"\t\t<div data-elementor-type=\"wp-page\" data-elementor-id=\"490\" class=\"elementor elementor-490\" data-elementor-settings=\"[]\">\n\t\t\t\t\t\t<div class=\"elementor-inner\">\n\t\t\t\t\t\t\t<div class=\"elementor-section-wrap\">\n\t\t\t\t\t\t\t<section class=\"has_ma_el_slider elementor-section elementor-top-section elementor-element elementor-element-f1a8047 elementor-hidden-tablet elementor-hidden-phone elementor-section-boxed elementor-section-height-default elementor-section-height-default\" data-id=\"f1a8047\" data-element_type=\"section\" data-settings=\"{&quot;background_background&quot;:&quot;classic&quot;}\">\n\t\t\t\t\t\t<div class=\"elementor-container elementor-column-gap-default\">\n\t\t\t\t\t\t\t<div class=\"elementor-row\">\n\t\t\t\t\t<div class=\"has_ma_el_slider elementor-column elementor-col-33 elementor-top-column elementor-element elementor-element-dacef3d\" data-id=\"dacef3d\" data-element_type=\"column\">\n\t\t\t<div class=\"elementor-column-wrap elementor-element-populated\">\n\t\t\t\t\t\t\t<div class=\"elementor-widget-wrap\">\n\t\t\t\t\t\t<div class=\"elementor-element elementor-element-a3fc6df elementor-widget elementor-widget-image\" data-id=\"a3fc6df\" data-element_type=\"widget\" data-widget_type=\"image.default\">\n\t\t\t\t<div class=\"elementor-widget-container\">\n\t\t\t\t\t<div class=\"elementor-image\">\n\t\t\t\t\t\t\t\t\t\t<img src=\"https:\/\/acaofort.com.br\/novosite\/wp-content\/uploads\/2020\/11\/logo_acaofort_servicos-102x150-1.png\" title=\"logo_acaofort_servicos-102&#215;150\" alt=\"logo_acaofort_servicos-102x150\" \/>\t\t\t\t\t\t\t\t\t\t\t<\/div>\n\t\t\t\t<\/div>\n\t\t\t\t<\/div>\n\t\t\t\t\t\t<\/div>\n\t\t\t\t\t<\/div>\n\t\t<\/div>\n\t\t\t\t<div class=\"has_ma_el_slider elementor-column elementor-col-66 elementor-top-column elementor-element elementor-element-a2384a0\" data-id=\"a2384a0\" data-element_type=\"column\">\n\t\t\t<div class=\"elementor-column-wrap elementor-element-populated\">\n\t\t\t\t\t\t\t<div class=\"elementor-widget-wrap\">\n\t\t\t\t\t\t<div class=\"elementor-element elementor-element-0911217 elementor-widget elementor-widget-ma-navmenu\" data-id=\"0911217\" data-element_type=\"widget\" data-widget_type=\"ma-navmenu.default\">\n\t\t\t\t<div class=\"elementor-widget-container\">\n\t\t\t<div class=\"jltma-menu-container\"><nav\n                    id=\"jltma-nav-menu-element-0911217\"\n                    class=\"jltma-elementor-header jltma-nav-menu-element navbar navbar-expand-md navbar-soft not-sticky mobile hover horizontal \"\n                    data-menu-id=\"jltma-nav-menu-element-0911217\"\n                    data-sticky-type=\"not-sticky\"\n                    data-menu-layout=\"default\"\n                    data-menu-trigger=\"hover\"\n                    data-menu-offcanvas=\"toggle-bar\"\n                    data-menu-toggletype=\"toggle\"\n                    data-menu-animation=\"default\"\n                    data-menu-container-id=\"\"><div class=\"jltma-nav-panel mobile\">\n                                <a class=\"jltma-nav-logo navbar-brand jltma-col-xs-3 jltma-col-sm-3\" href=\"https:\/\/acaofort.com.br\/novosite\">\n                                    <img src=\"\" alt=\"\" >\n                                <\/a>\n                                <button\n                                    class=\"navbar-toggler ml-md-0 mr-auto py-3\"\n                                    type=\"button\"\n                                    data-toggle=\"collapse\"\n                                    data-trigger=\"#jltma-nav-menu-elementor-0911217\"\n                                    data-target=\"#jltma-nav-menu-elementor-0911217\"\n                                    aria-expanded=\"false\"\n                                    aria-label=\"Toggle Navigation\">\n                                    <div class=\"jltma-burger jltma-lite-small\"><span class=\"mid-line\"><\/span><\/div>\n                                <\/button>\n                                <button class=\"jltma-close \"> X <\/button>\n                            <\/div><div id=\"jltma-nav-menu-elementor-0911217\" class=\"jltma-menu-offcanvas-elements jltma-navbar-nav-default mobile-offcanvas collapse navbar-collapse jltma-svg-arrow jltma-small-down jltma-one-page-disabled toggle-bar \"><ul id=\"jltma-main-menu\" class=\"navbar-nav jltma-navbar-nav jltma-menu-position-flex-end toggle\"><li id=\"menu-item-686\" class=\"menu-item menu-item-type-custom menu-item-object-custom menu-item-686 nav-item jltma-megamenu-hover jltma-mobile-builder-content\"><a href=\"\/novosite\/\" class=\"jltma-menu-nav-link nav-link\">Home<\/a><\/li>\n<li id=\"menu-item-688\" class=\"menu-item menu-item-type-custom menu-item-object-custom menu-item-688 nav-item jltma-megamenu-hover jltma-mobile-builder-content\"><a href=\"\/novosite\/#empresa_voltar\" class=\"jltma-menu-nav-link nav-link\">Empresa<\/a><\/li>\n<li id=\"menu-item-1001\" class=\"menu-item menu-item-type-custom menu-item-object-custom menu-item-1001 nav-item jltma-megamenu-hover jltma-mobile-builder-content\"><a href=\"\/novosite\/#servicos_voltar\" class=\"jltma-menu-nav-link nav-link\">Servi\u00e7os<\/a><\/li>\n<li id=\"menu-item-689\" class=\"menu-item menu-item-type-custom menu-item-object-custom menu-item-689 nav-item jltma-megamenu-hover jltma-mobile-builder-content\"><a href=\"\/novosite\/?page_id=37\" class=\"jltma-menu-nav-link nav-link\">Contato<\/a><\/li>\n<\/ul><\/div><\/nav><style>@media only screen and (min-width: 768px) { .elementor-element-0911217 .jltma-burger-box { display: none } }<\/style><\/div>\t\t<\/div>\n\t\t\t\t<\/div>\n\t\t\t\t\t\t<\/div>\n\t\t\t\t\t<\/div>\n\t\t<\/div>\n\t\t\t\t\t\t\t\t<\/div>\n\t\t\t\t\t<\/div>\n\t\t<\/section>\n\t\t\t\t<section class=\"has_ma_el_slider elementor-section elementor-top-section elementor-element elementor-element-57d5931 elementor-hidden-desktop elementor-section-boxed elementor-section-height-default elementor-section-height-default\" data-id=\"57d5931\" data-element_type=\"section\">\n\t\t\t\t\t\t<div class=\"elementor-container elementor-column-gap-default\">\n\t\t\t\t\t\t\t<div class=\"elementor-row\">\n\t\t\t\t\t<div class=\"has_ma_el_slider elementor-column elementor-col-100 elementor-top-column elementor-element elementor-element-1633f5f\" data-id=\"1633f5f\" data-element_type=\"column\">\n\t\t\t<div class=\"elementor-column-wrap elementor-element-populated\">\n\t\t\t\t\t\t\t<div class=\"elementor-widget-wrap\">\n\t\t\t\t\t\t<div class=\"elementor-element elementor-element-452c420 elementor-widget elementor-widget-text-editor\" data-id=\"452c420\" data-element_type=\"widget\" data-widget_type=\"text-editor.default\">\n\t\t\t\t<div class=\"elementor-widget-container\">\n\t\t\t\t\t<div class=\"elementor-text-editor elementor-clearfix\"><div align=\"center\">|\n<a href=\"\/novosite\/\">Home<\/a> |\n<a href=\"\/novosite\/#empresa_voltar\">Empresa<\/a> |\n<a href=\"\/novosite\/#servicos_voltar\">Servi\u00e7os<\/a> |\n<a href=\"\/novosite\/?page_id=37\">Contato<\/a> |<\/div><\/div>\n\t\t\t\t<\/div>\n\t\t\t\t<\/div>\n\t\t\t\t\t\t<\/div>\n\t\t\t\t\t<\/div>\n\t\t<\/div>\n\t\t\t\t\t\t\t\t<\/div>\n\t\t\t\t\t<\/div>\n\t\t<\/section>\n\t\t\t\t<section class=\"has_ma_el_slider elementor-section elementor-top-section elementor-element elementor-element-cfc42db elementor-section-full_width elementor-section-height-min-height elementor-section-height-default elementor-section-items-middle\" data-id=\"cfc42db\" data-element_type=\"section\" data-settings=\"{&quot;background_background&quot;:&quot;classic&quot;}\">\n\t\t\t\t\t\t<div class=\"elementor-container elementor-column-gap-default\">\n\t\t\t\t\t\t\t<div class=\"elementor-row\">\n\t\t\t\t\t<div class=\"has_ma_el_slider elementor-column elementor-col-100 elementor-top-column elementor-element elementor-element-09dbb02\" data-id=\"09dbb02\" data-element_type=\"column\">\n\t\t\t<div class=\"elementor-column-wrap\">\n\t\t\t\t\t\t\t<div class=\"elementor-widget-wrap\">\n\t\t\t\t\t\t\t\t<\/div>\n\t\t\t\t\t<\/div>\n\t\t<\/div>\n\t\t\t\t\t\t\t\t<\/div>\n\t\t\t\t\t<\/div>\n\t\t<\/section>\n\t\t\t\t<section class=\"has_ma_el_slider elementor-section elementor-top-section elementor-element elementor-element-b1d551c elementor-hidden-tablet elementor-hidden-phone elementor-section-boxed elementor-section-height-default elementor-section-height-default\" data-id=\"b1d551c\" data-element_type=\"section\" data-settings=\"{&quot;background_background&quot;:&quot;gradient&quot;}\">\n\t\t\t\t\t\t<div class=\"elementor-container elementor-column-gap-default\">\n\t\t\t\t\t\t\t<div class=\"elementor-row\">\n\t\t\t\t\t<div class=\"has_ma_el_slider elementor-column elementor-col-100 elementor-top-column elementor-element elementor-element-675b9b5\" data-id=\"675b9b5\" data-element_type=\"column\">\n\t\t\t<div class=\"elementor-column-wrap elementor-element-populated\">\n\t\t\t\t\t\t\t<div class=\"elementor-widget-wrap\">\n\t\t\t\t\t\t<div class=\"elementor-element elementor-element-9483aef elementor-widget elementor-widget-text-editor\" data-id=\"9483aef\" data-element_type=\"widget\" data-widget_type=\"text-editor.default\">\n\t\t\t\t<div class=\"elementor-widget-container\">\n\t\t\t\t\t<div class=\"elementor-text-editor elementor-clearfix\"><\/div>\n\t\t\t\t<\/div>\n\t\t\t\t<\/div>\n\t\t\t\t\t\t<\/div>\n\t\t\t\t\t<\/div>\n\t\t<\/div>\n\t\t\t\t\t\t\t\t<\/div>\n\t\t\t\t\t<\/div>\n\t\t<\/section>\n\t\t\t\t<section class=\"has_ma_el_slider elementor-section elementor-top-section elementor-element elementor-element-838c861 elementor-section-boxed elementor-section-height-default elementor-section-height-default\" data-id=\"838c861\" data-element_type=\"section\">\n\t\t\t\t\t\t<div class=\"elementor-container elementor-column-gap-default\">\n\t\t\t\t\t\t\t<div class=\"elementor-row\">\n\t\t\t\t\t<div class=\"has_ma_el_slider elementor-column elementor-col-100 elementor-top-column elementor-element elementor-element-9da7b6b\" data-id=\"9da7b6b\" data-element_type=\"column\">\n\t\t\t<div class=\"elementor-column-wrap elementor-element-populated\">\n\t\t\t\t\t\t\t<div class=\"elementor-widget-wrap\">\n\t\t\t\t\t\t<div class=\"elementor-element elementor-element-737bc56 elementor-widget elementor-widget-heading\" data-id=\"737bc56\" data-element_type=\"widget\" data-widget_type=\"heading.default\">\n\t\t\t\t<div class=\"elementor-widget-container\">\n\t\t\t<h2 class=\"elementor-heading-title elementor-size-default\">Servi\u00e7os de Limpeza e Conserva\u00e7\u00e3o<\/h2>\t\t<\/div>\n\t\t\t\t<\/div>\n\t\t\t\t<div class=\"elementor-element elementor-element-0085160 elementor-widget elementor-widget-text-editor\" data-id=\"0085160\" data-element_type=\"widget\" data-widget_type=\"text-editor.default\">\n\t\t\t\t<div class=\"elementor-widget-container\">\n\t\t\t\t\t<div class=\"elementor-text-editor elementor-clearfix\"><p><img style=\"margin-right: 10px;\" src=\"http:\/\/acaofort.com.br\/novosite\/wp-content\/uploads\/2020\/10\/servicos_gerais.jpg \" width=\"400\" align=\"left\" \/><\/p><p>A qualidade do asseio de um ambiente impacta positivamente na imagem de uma empresa, condom\u00ednio residencial ou empresarial, al\u00e9m de influenciar no bem estar de seus frequentadores.<\/p><p>Entender as necessidades espec\u00edficas dos clientes e selecionar profissionais capacitados a realizar a limpeza e conserva\u00e7\u00e3o de ambientes s\u00e3o pontos fundamentais para a efici\u00eancia do servi\u00e7o.<\/p><p>A A\u00c7\u00c3OFORT oferece uma s\u00e9rie de solu\u00e7\u00f5es de alta qualidade para limpeza e conserva\u00e7\u00e3o de qualquer tipo de ambiente ou evento.<\/p><p>Com equipe apta a realizar estudo detalhado da infraestrutura do local e\u00a0 tra\u00e7ar um planejamento estrat\u00e9gico que considere a \u00e1rea de limpeza do estabelecimento, a natureza do servi\u00e7o e o fluxo de pessoas,\u00a0 al\u00e9m da utiliza\u00e7\u00e3o dos melhores produtos e equipamentos presentes no mercado, proporciona efici\u00eancia ao servi\u00e7o.<\/p><p>Al\u00e9m disso, oferecemos:<\/p><ul><li>Profissionais uniformizados e identificados;<\/li><li>Equipes reservas treinadas para substitui\u00e7\u00f5es.<\/li><\/ul><\/div>\n\t\t\t\t<\/div>\n\t\t\t\t<\/div>\n\t\t\t\t\t\t<\/div>\n\t\t\t\t\t<\/div>\n\t\t<\/div>\n\t\t\t\t\t\t\t\t<\/div>\n\t\t\t\t\t<\/div>\n\t\t<\/section>\n\t\t\t\t<section class=\"has_ma_el_slider elementor-section elementor-top-section elementor-element elementor-element-aab9501 elementor-section-boxed elementor-section-height-default elementor-section-height-default\" data-id=\"aab9501\" data-element_type=\"section\">\n\t\t\t\t\t\t<div class=\"elementor-container elementor-column-gap-default\">\n\t\t\t\t\t\t\t<div class=\"elementor-row\">\n\t\t\t\t\t<div class=\"has_ma_el_slider elementor-column elementor-col-100 elementor-top-column elementor-element elementor-element-a781938\" data-id=\"a781938\" data-element_type=\"column\">\n\t\t\t<div class=\"elementor-column-wrap elementor-element-populated\">\n\t\t\t\t\t\t\t<div class=\"elementor-widget-wrap\">\n\t\t\t\t\t\t<div class=\"elementor-element elementor-element-ed2b1c5 elementor-widget elementor-widget-text-editor\" data-id=\"ed2b1c5\" data-element_type=\"widget\" data-widget_type=\"text-editor.default\">\n\t\t\t\t<div class=\"elementor-widget-container\">\n\t\t\t\t\t<div class=\"elementor-text-editor elementor-clearfix\"><p style=\"text-align: right\"><a href=\"http:\/\/acaofort.com.br\/novosite\/#servicos_voltar\">Voltar<\/a><\/p><\/div>\n\t\t\t\t<\/div>\n\t\t\t\t<\/div>\n\t\t\t\t\t\t<\/div>\n\t\t\t\t\t<\/div>\n\t\t<\/div>\n\t\t\t\t\t\t\t\t<\/div>\n\t\t\t\t\t<\/div>\n\t\t<\/section>\n\t\t\t\t\t\t<\/div>\n\t\t\t\t\t\t<\/div>\n\t\t\t\t\t<\/div>\n\t\t","protected":false},"excerpt":{"rendered":"<p>X Home Empresa Servi\u00e7os Contato | Home | Empresa | Servi\u00e7os | Contato | Servi\u00e7os de Limpeza e Conserva\u00e7\u00e3o A qualidade do asseio de um ambiente impacta positivamente na imagem &#8230;<\/p>\n","protected":false},"author":1,"featured_media":0,"parent":0,"menu_order":0,"comment_status":"closed","ping_status":"closed","template":"elementor_header_footer","meta":[],"_links":{"self":[{"href":"https:\/\/acaofort.com.br\/novosite\/index.php?rest_route=\/wp\/v2\/pages\/490"}],"collection":[{"href":"https:\/\/acaofort.com.br\/novosite\/index.php?rest_route=\/wp\/v2\/pages"}],"about":[{"href":"https:\/\/acaofort.com.br\/novosite\/index.php?rest_route=\/wp\/v2\/types\/page"}],"author":[{"embeddable":true,"href":"https:\/\/acaofort.com.br\/novosite\/index.php?rest_route=\/wp\/v2\/users\/1"}],"replies":[{"embeddable":true,"href":"https:\/\/acaofort.com.br\/novosite\/index.php?rest_route=%2Fwp%2Fv2%2Fcomments&post=490"}],"version-history":[{"count":24,"href":"https:\/\/acaofort.com.br\/novosite\/index.php?rest_route=\/wp\/v2\/pages\/490\/revisions"}],"predecessor-version":[{"id":1263,"href":"https:\/\/acaofort.com.br\/novosite\/index.php?rest_route=\/wp\/v2\/pages\/490\/revisions\/1263"}],"wp:attachment":[{"href":"https:\/\/acaofort.com.br\/novosite\/index.php?rest_route=%2Fwp%2Fv2%2Fmedia&parent=490"}],"curies":[{"name":"wp","href":"https:\/\/api.w.org\/{rel}","templated":true}]}}