{"id":489,"date":"2020-10-25T14:31:21","date_gmt":"2020-10-25T14:31:21","guid":{"rendered":"http:\/\/acaofort.com.br\/novosite\/?page_id=489"},"modified":"2020-11-09T20:58:36","modified_gmt":"2020-11-09T20:58:36","slug":"servicos-2-2","status":"publish","type":"page","link":"https:\/\/acaofort.com.br\/novosite\/?page_id=489","title":{"rendered":"Portaria"},"content":{"rendered":"\t\t<div data-elementor-type=\"wp-page\" data-elementor-id=\"489\" class=\"elementor elementor-489\" data-elementor-settings=\"[]\">\n\t\t\t\t\t\t<div class=\"elementor-inner\">\n\t\t\t\t\t\t\t<div class=\"elementor-section-wrap\">\n\t\t\t\t\t\t\t<section class=\"has_ma_el_slider elementor-section elementor-top-section elementor-element elementor-element-f1a8047 elementor-hidden-tablet elementor-hidden-phone elementor-section-boxed elementor-section-height-default elementor-section-height-default\" data-id=\"f1a8047\" data-element_type=\"section\" data-settings=\"{&quot;background_background&quot;:&quot;classic&quot;}\">\n\t\t\t\t\t\t<div class=\"elementor-container elementor-column-gap-default\">\n\t\t\t\t\t\t\t<div class=\"elementor-row\">\n\t\t\t\t\t<div class=\"has_ma_el_slider elementor-column elementor-col-33 elementor-top-column elementor-element elementor-element-dacef3d\" data-id=\"dacef3d\" data-element_type=\"column\">\n\t\t\t<div class=\"elementor-column-wrap elementor-element-populated\">\n\t\t\t\t\t\t\t<div class=\"elementor-widget-wrap\">\n\t\t\t\t\t\t<div class=\"elementor-element elementor-element-a3fc6df elementor-widget elementor-widget-image\" data-id=\"a3fc6df\" data-element_type=\"widget\" data-widget_type=\"image.default\">\n\t\t\t\t<div class=\"elementor-widget-container\">\n\t\t\t\t\t<div class=\"elementor-image\">\n\t\t\t\t\t\t\t\t\t\t<img src=\"https:\/\/acaofort.com.br\/novosite\/wp-content\/uploads\/2020\/11\/logo_acaofort_servicos-102x150-1.png\" title=\"logo_acaofort_servicos-102&#215;150\" alt=\"logo_acaofort_servicos-102x150\" \/>\t\t\t\t\t\t\t\t\t\t\t<\/div>\n\t\t\t\t<\/div>\n\t\t\t\t<\/div>\n\t\t\t\t\t\t<\/div>\n\t\t\t\t\t<\/div>\n\t\t<\/div>\n\t\t\t\t<div class=\"has_ma_el_slider elementor-column elementor-col-66 elementor-top-column elementor-element elementor-element-a2384a0\" data-id=\"a2384a0\" data-element_type=\"column\">\n\t\t\t<div class=\"elementor-column-wrap elementor-element-populated\">\n\t\t\t\t\t\t\t<div class=\"elementor-widget-wrap\">\n\t\t\t\t\t\t<div class=\"elementor-element elementor-element-0911217 elementor-widget elementor-widget-ma-navmenu\" data-id=\"0911217\" data-element_type=\"widget\" data-widget_type=\"ma-navmenu.default\">\n\t\t\t\t<div class=\"elementor-widget-container\">\n\t\t\t<div class=\"jltma-menu-container\"><nav\n                    id=\"jltma-nav-menu-element-0911217\"\n                    class=\"jltma-elementor-header jltma-nav-menu-element navbar navbar-expand-md navbar-soft not-sticky mobile hover horizontal \"\n                    data-menu-id=\"jltma-nav-menu-element-0911217\"\n                    data-sticky-type=\"not-sticky\"\n                    data-menu-layout=\"default\"\n                    data-menu-trigger=\"hover\"\n                    data-menu-offcanvas=\"toggle-bar\"\n                    data-menu-toggletype=\"toggle\"\n                    data-menu-animation=\"default\"\n                    data-menu-container-id=\"\"><div class=\"jltma-nav-panel mobile\">\n                                <a class=\"jltma-nav-logo navbar-brand jltma-col-xs-3 jltma-col-sm-3\" href=\"https:\/\/acaofort.com.br\/novosite\">\n                                    <img src=\"\" alt=\"\" >\n                                <\/a>\n                                <button\n                                    class=\"navbar-toggler ml-md-0 mr-auto py-3\"\n                                    type=\"button\"\n                                    data-toggle=\"collapse\"\n                                    data-trigger=\"#jltma-nav-menu-elementor-0911217\"\n                                    data-target=\"#jltma-nav-menu-elementor-0911217\"\n                                    aria-expanded=\"false\"\n                                    aria-label=\"Toggle Navigation\">\n                                    <div class=\"jltma-burger jltma-lite-small\"><span class=\"mid-line\"><\/span><\/div>\n                                <\/button>\n                                <button class=\"jltma-close \"> X <\/button>\n                            <\/div><div id=\"jltma-nav-menu-elementor-0911217\" class=\"jltma-menu-offcanvas-elements jltma-navbar-nav-default mobile-offcanvas collapse navbar-collapse jltma-svg-arrow jltma-small-down jltma-one-page-disabled toggle-bar \"><ul id=\"jltma-main-menu\" class=\"navbar-nav jltma-navbar-nav jltma-menu-position-flex-end toggle\"><li id=\"menu-item-686\" class=\"menu-item menu-item-type-custom menu-item-object-custom menu-item-686 nav-item jltma-megamenu-hover jltma-mobile-builder-content\"><a href=\"\/novosite\/\" class=\"jltma-menu-nav-link nav-link\">Home<\/a><\/li>\n<li id=\"menu-item-688\" class=\"menu-item menu-item-type-custom menu-item-object-custom menu-item-688 nav-item jltma-megamenu-hover jltma-mobile-builder-content\"><a href=\"\/novosite\/#empresa_voltar\" class=\"jltma-menu-nav-link nav-link\">Empresa<\/a><\/li>\n<li id=\"menu-item-1001\" class=\"menu-item menu-item-type-custom menu-item-object-custom menu-item-1001 nav-item jltma-megamenu-hover jltma-mobile-builder-content\"><a href=\"\/novosite\/#servicos_voltar\" class=\"jltma-menu-nav-link nav-link\">Servi\u00e7os<\/a><\/li>\n<li id=\"menu-item-689\" class=\"menu-item menu-item-type-custom menu-item-object-custom menu-item-689 nav-item jltma-megamenu-hover jltma-mobile-builder-content\"><a href=\"\/novosite\/?page_id=37\" class=\"jltma-menu-nav-link nav-link\">Contato<\/a><\/li>\n<\/ul><\/div><\/nav><style>@media only screen and (min-width: 768px) { .elementor-element-0911217 .jltma-burger-box { display: none } }<\/style><\/div>\t\t<\/div>\n\t\t\t\t<\/div>\n\t\t\t\t\t\t<\/div>\n\t\t\t\t\t<\/div>\n\t\t<\/div>\n\t\t\t\t\t\t\t\t<\/div>\n\t\t\t\t\t<\/div>\n\t\t<\/section>\n\t\t\t\t<section class=\"has_ma_el_slider elementor-section elementor-top-section elementor-element elementor-element-7235113 elementor-hidden-desktop elementor-section-boxed elementor-section-height-default elementor-section-height-default\" data-id=\"7235113\" data-element_type=\"section\">\n\t\t\t\t\t\t<div class=\"elementor-container elementor-column-gap-default\">\n\t\t\t\t\t\t\t<div class=\"elementor-row\">\n\t\t\t\t\t<div class=\"has_ma_el_slider elementor-column elementor-col-100 elementor-top-column elementor-element elementor-element-3653c88\" data-id=\"3653c88\" data-element_type=\"column\">\n\t\t\t<div class=\"elementor-column-wrap elementor-element-populated\">\n\t\t\t\t\t\t\t<div class=\"elementor-widget-wrap\">\n\t\t\t\t\t\t<div class=\"elementor-element elementor-element-211bfc2 elementor-widget elementor-widget-text-editor\" data-id=\"211bfc2\" data-element_type=\"widget\" data-widget_type=\"text-editor.default\">\n\t\t\t\t<div class=\"elementor-widget-container\">\n\t\t\t\t\t<div class=\"elementor-text-editor elementor-clearfix\"><div align=\"center\">|\n<a href=\"\/novosite\/\">Home<\/a> |\n<a href=\"\/novosite\/#empresa_voltar\">Empresa<\/a> |\n<a href=\"\/novosite\/#servicos_voltar\">Servi\u00e7os<\/a> |\n<a href=\"\/novosite\/?page_id=37\">Contato<\/a> |<\/div><\/div>\n\t\t\t\t<\/div>\n\t\t\t\t<\/div>\n\t\t\t\t\t\t<\/div>\n\t\t\t\t\t<\/div>\n\t\t<\/div>\n\t\t\t\t\t\t\t\t<\/div>\n\t\t\t\t\t<\/div>\n\t\t<\/section>\n\t\t\t\t<section class=\"has_ma_el_slider elementor-section elementor-top-section elementor-element elementor-element-cfc42db elementor-section-full_width elementor-section-height-min-height elementor-section-height-default elementor-section-items-middle\" data-id=\"cfc42db\" data-element_type=\"section\" data-settings=\"{&quot;background_background&quot;:&quot;classic&quot;}\">\n\t\t\t\t\t\t<div class=\"elementor-container elementor-column-gap-default\">\n\t\t\t\t\t\t\t<div class=\"elementor-row\">\n\t\t\t\t\t<div class=\"has_ma_el_slider elementor-column elementor-col-100 elementor-top-column elementor-element elementor-element-09dbb02\" data-id=\"09dbb02\" data-element_type=\"column\">\n\t\t\t<div class=\"elementor-column-wrap\">\n\t\t\t\t\t\t\t<div class=\"elementor-widget-wrap\">\n\t\t\t\t\t\t\t\t<\/div>\n\t\t\t\t\t<\/div>\n\t\t<\/div>\n\t\t\t\t\t\t\t\t<\/div>\n\t\t\t\t\t<\/div>\n\t\t<\/section>\n\t\t\t\t<section class=\"has_ma_el_slider elementor-section elementor-top-section elementor-element elementor-element-956d3f4 elementor-hidden-tablet elementor-hidden-phone elementor-section-boxed elementor-section-height-default elementor-section-height-default\" data-id=\"956d3f4\" data-element_type=\"section\" data-settings=\"{&quot;background_background&quot;:&quot;gradient&quot;}\">\n\t\t\t\t\t\t<div class=\"elementor-container elementor-column-gap-default\">\n\t\t\t\t\t\t\t<div class=\"elementor-row\">\n\t\t\t\t\t<div class=\"has_ma_el_slider elementor-column elementor-col-100 elementor-top-column elementor-element elementor-element-0fd1340\" data-id=\"0fd1340\" data-element_type=\"column\">\n\t\t\t<div class=\"elementor-column-wrap elementor-element-populated\">\n\t\t\t\t\t\t\t<div class=\"elementor-widget-wrap\">\n\t\t\t\t\t\t<div class=\"elementor-element elementor-element-d60c123 elementor-widget elementor-widget-text-editor\" data-id=\"d60c123\" data-element_type=\"widget\" data-widget_type=\"text-editor.default\">\n\t\t\t\t<div class=\"elementor-widget-container\">\n\t\t\t\t\t<div class=\"elementor-text-editor elementor-clearfix\"><\/div>\n\t\t\t\t<\/div>\n\t\t\t\t<\/div>\n\t\t\t\t\t\t<\/div>\n\t\t\t\t\t<\/div>\n\t\t<\/div>\n\t\t\t\t\t\t\t\t<\/div>\n\t\t\t\t\t<\/div>\n\t\t<\/section>\n\t\t\t\t<section class=\"has_ma_el_slider elementor-section elementor-top-section elementor-element elementor-element-838c861 elementor-section-boxed elementor-section-height-default elementor-section-height-default\" data-id=\"838c861\" data-element_type=\"section\">\n\t\t\t\t\t\t<div class=\"elementor-container elementor-column-gap-default\">\n\t\t\t\t\t\t\t<div class=\"elementor-row\">\n\t\t\t\t\t<div class=\"has_ma_el_slider elementor-column elementor-col-100 elementor-top-column elementor-element elementor-element-9da7b6b\" data-id=\"9da7b6b\" data-element_type=\"column\">\n\t\t\t<div class=\"elementor-column-wrap elementor-element-populated\">\n\t\t\t\t\t\t\t<div class=\"elementor-widget-wrap\">\n\t\t\t\t\t\t<div class=\"elementor-element elementor-element-737bc56 elementor-widget elementor-widget-heading\" data-id=\"737bc56\" data-element_type=\"widget\" data-widget_type=\"heading.default\">\n\t\t\t\t<div class=\"elementor-widget-container\">\n\t\t\t<h2 class=\"elementor-heading-title elementor-size-default\">Portaria<\/h2>\t\t<\/div>\n\t\t\t\t<\/div>\n\t\t\t\t<div class=\"elementor-element elementor-element-0085160 elementor-widget elementor-widget-text-editor\" data-id=\"0085160\" data-element_type=\"widget\" data-widget_type=\"text-editor.default\">\n\t\t\t\t<div class=\"elementor-widget-container\">\n\t\t\t\t\t<div class=\"elementor-text-editor elementor-clearfix\"><p>O servi\u00e7o de Portaria\u00a0 \u00e9 crucial na estrat\u00e9gia de seguran\u00e7a patrimonial. Afinal, ele \u00e9 respons\u00e1vel em delimitar o ambiente p\u00fablico e o privado realizando o primeiro controle de fluxo de pessoas, ve\u00edculos e materiais.<\/p><p>A A\u00c7\u00c3OFORT entende que prestar servi\u00e7os de Portaria exige que a empresa contratada ofere\u00e7a profissionais confi\u00e1veis e qualificados que, associados ao apoio operacional do Servi\u00e7o de Supervis\u00e3o garanta seguran\u00e7a a seu pr\u00e9dio, loja, condom\u00ednio e empresas em geral.<\/p><p>Disponibilizamos aos clientes equipes de Portaria capacitadas para que atuem sempre de forma concentrada e direcionada, exclusivamente, ao cumprimento de suas fun\u00e7\u00f5es realizando os atendimentos de forma \u00e1gil, segura e cordial aos moradores, funcion\u00e1rios, prestadores de servi\u00e7os, clientes, visitantes e demais pessoas que acessem o ambiente.<\/p><p>Nossos colaboradores est\u00e3o sempre alinhados com o s\u00edndico ou respons\u00e1vel pela administra\u00e7\u00e3o de sua empresa, seu condom\u00ednio residencial ou empresarial e, assim, executam o trabalho de forma integrada.<\/p><p>A A\u00c7\u00c3OFORT se utiliza de um sistema interligado de comunica\u00e7\u00e3o permitindo\u00a0 acompanhar seus funcion\u00e1rios durante seu turno de trabalho e possibilitando a r\u00e1pida solu\u00e7\u00e3o de eventuais problemas.<\/p><p>Al\u00e9m disso, oferecemos:<\/p><ul><li>Profissionais uniformizados e identificados;<\/li><li>Equipes reservas treinadas para substitui\u00e7\u00f5es;<\/li><li>Supervis\u00e3o 24hs.<\/li><\/ul><\/div>\n\t\t\t\t<\/div>\n\t\t\t\t<\/div>\n\t\t\t\t\t\t<\/div>\n\t\t\t\t\t<\/div>\n\t\t<\/div>\n\t\t\t\t\t\t\t\t<\/div>\n\t\t\t\t\t<\/div>\n\t\t<\/section>\n\t\t\t\t<section class=\"has_ma_el_slider elementor-section elementor-top-section elementor-element elementor-element-66d4659 elementor-section-boxed elementor-section-height-default elementor-section-height-default\" data-id=\"66d4659\" data-element_type=\"section\">\n\t\t\t\t\t\t<div class=\"elementor-container elementor-column-gap-default\">\n\t\t\t\t\t\t\t<div class=\"elementor-row\">\n\t\t\t\t\t<div class=\"has_ma_el_slider elementor-column elementor-col-100 elementor-top-column elementor-element elementor-element-2d441eb\" data-id=\"2d441eb\" data-element_type=\"column\">\n\t\t\t<div class=\"elementor-column-wrap elementor-element-populated\">\n\t\t\t\t\t\t\t<div class=\"elementor-widget-wrap\">\n\t\t\t\t\t\t<div class=\"elementor-element elementor-element-792b593 elementor-widget elementor-widget-text-editor\" data-id=\"792b593\" data-element_type=\"widget\" data-widget_type=\"text-editor.default\">\n\t\t\t\t<div class=\"elementor-widget-container\">\n\t\t\t\t\t<div class=\"elementor-text-editor elementor-clearfix\"><p style=\"text-align: right\"><a href=\"http:\/\/acaofort.com.br\/novosite\/#servicos_voltar\">Voltar<\/a><\/p><\/div>\n\t\t\t\t<\/div>\n\t\t\t\t<\/div>\n\t\t\t\t\t\t<\/div>\n\t\t\t\t\t<\/div>\n\t\t<\/div>\n\t\t\t\t\t\t\t\t<\/div>\n\t\t\t\t\t<\/div>\n\t\t<\/section>\n\t\t\t\t\t\t<\/div>\n\t\t\t\t\t\t<\/div>\n\t\t\t\t\t<\/div>\n\t\t","protected":false},"excerpt":{"rendered":"<p>X Home Empresa Servi\u00e7os Contato | Home | Empresa | Servi\u00e7os | Contato | Portaria O servi\u00e7o de Portaria\u00a0 \u00e9 crucial na estrat\u00e9gia de seguran\u00e7a patrimonial. Afinal, ele \u00e9 respons\u00e1vel &#8230;<\/p>\n","protected":false},"author":1,"featured_media":0,"parent":0,"menu_order":0,"comment_status":"closed","ping_status":"closed","template":"elementor_header_footer","meta":[],"_links":{"self":[{"href":"https:\/\/acaofort.com.br\/novosite\/index.php?rest_route=\/wp\/v2\/pages\/489"}],"collection":[{"href":"https:\/\/acaofort.com.br\/novosite\/index.php?rest_route=\/wp\/v2\/pages"}],"about":[{"href":"https:\/\/acaofort.com.br\/novosite\/index.php?rest_route=\/wp\/v2\/types\/page"}],"author":[{"embeddable":true,"href":"https:\/\/acaofort.com.br\/novosite\/index.php?rest_route=\/wp\/v2\/users\/1"}],"replies":[{"embeddable":true,"href":"https:\/\/acaofort.com.br\/novosite\/index.php?rest_route=%2Fwp%2Fv2%2Fcomments&post=489"}],"version-history":[{"count":25,"href":"https:\/\/acaofort.com.br\/novosite\/index.php?rest_route=\/wp\/v2\/pages\/489\/revisions"}],"predecessor-version":[{"id":1266,"href":"https:\/\/acaofort.com.br\/novosite\/index.php?rest_route=\/wp\/v2\/pages\/489\/revisions\/1266"}],"wp:attachment":[{"href":"https:\/\/acaofort.com.br\/novosite\/index.php?rest_route=%2Fwp%2Fv2%2Fmedia&parent=489"}],"curies":[{"name":"wp","href":"https:\/\/api.w.org\/{rel}","templated":true}]}}